{"id":1297,"date":"2023-03-31T16:08:31","date_gmt":"2023-03-31T16:08:31","guid":{"rendered":"https:\/\/www.flamengos.pt\/jff\/?page_id=1297"},"modified":"2023-09-04T16:22:48","modified_gmt":"2023-09-04T16:22:48","slug":"a-freguesia","status":"publish","type":"page","link":"https:\/\/www.flamengos.pt\/jff\/a-freguesia\/","title":{"rendered":"A freguesia"},"content":{"rendered":"\n<p class=\"has-text-align-left\">Situada no centro da Ilha do Faial, a freguesia Flamengos destaca-se pela beleza natural do seu vale e da ribeira que o percorre desde a Caldeira, culminando com numa encantadora paisagem com a montanha do Pico como cen\u00e1rio.<\/p>\n\n\n\n<p class=\"has-text-align-left\">Numa \u00e1rea de 14,13 km\u00b2 a freguesia dos Flamengos d\u00e1 a conhecer o patrim\u00f3nio que a sua popula\u00e7\u00e3o ergueu desde os tempos da povoa\u00e7\u00e3o da Ilha do Faial. \u00c9 poss\u00edvel reviver o passado ao visitar a zona das Bicas e a Ermida de S\u00e3o Jo\u00e3o da Caldeira.<\/p>\n\n\n\n<p class=\"has-text-align-left\">Atualmente com cerca de  1 561 habitantes, gerando uma densidade populacional de cerca de 110,5 hab\/km\u00b2 e 1128 eleitores inscritos.<\/p>\n\n\n\n<div class=\"wp-block-columns is-layout-flex wp-container-core-columns-is-layout-9d6595d7 wp-block-columns-is-layout-flex\">\n<div class=\"wp-block-column has-background is-layout-flow wp-block-column-is-layout-flow\" style=\"background-color:#004aad\"><div class=\"wp-block-image\">\n<figure class=\"aligncenter size-full is-resized\"><img decoding=\"async\" src=\"https:\/\/www.flamengos.pt\/jff\/wp-content\/uploads\/2023\/08\/Horta_13-removebg-preview-1-1.png\" alt=\"\" class=\"wp-image-1458\" style=\"width:346px;height:260px\" width=\"346\" height=\"260\"\/><\/figure>\n<\/div><\/div>\n<\/div>\n\n\n\n<p><\/p>\n\n\n\n<h2 class=\"wp-block-heading\">Hist\u00f3ria<\/h2>\n\n\n\n<div class=\"wp-block-columns is-layout-flex wp-container-core-columns-is-layout-9d6595d7 wp-block-columns-is-layout-flex\">\n<div class=\"wp-block-column is-layout-flow wp-block-column-is-layout-flow\" style=\"flex-basis:66.66%\">\n<p>Presume-se que o descobrimento portugu\u00eas da ilha ocorreu antes de 1460. Os primeiros povoadores oficiais, de origem flamenga e portuguesa, dever\u00e3o ter chegado por volta de 1465, estabelecendo-se na freguesia de Flamengos. <\/p>\n\n\n\n<p>A sua designa\u00e7\u00e3o deriva dos seus primeiros povoadores &#8211;  as fam\u00edlias <em><strong>Flamengas,<\/strong><\/em> que se fixaram naquela regi\u00e3o do Vale da Ribeira dos Flamengos, devido ao f\u00e9rtil e abrigado vale, com algumas fontes de \u00e1gua de muito boa qualidade.<\/p>\n\n\n\n<p class=\"has-small-font-size\"><\/p>\n<\/div>\n\n\n\n<div class=\"wp-block-column is-layout-flow wp-block-column-is-layout-flow\" style=\"flex-basis:33.33%\">\n<figure class=\"wp-block-image size-large is-resized\"><img decoding=\"async\" src=\"https:\/\/www.flamengos.pt\/jff\/wp-content\/uploads\/2023\/03\/Flamengos_-_Ilha_do_Faial_-_Portugal_51899818216-1024x683.jpg\" alt=\"Vista fregueisa dos flamengos - Horta\" class=\"wp-image-1281\" style=\"width:360px;height:240px\" width=\"360\" height=\"240\" srcset=\"https:\/\/www.flamengos.pt\/jff\/wp-content\/uploads\/2023\/03\/Flamengos_-_Ilha_do_Faial_-_Portugal_51899818216-1024x683.jpg 1024w, https:\/\/www.flamengos.pt\/jff\/wp-content\/uploads\/2023\/03\/Flamengos_-_Ilha_do_Faial_-_Portugal_51899818216-300x200.jpg 300w, https:\/\/www.flamengos.pt\/jff\/wp-content\/uploads\/2023\/03\/Flamengos_-_Ilha_do_Faial_-_Portugal_51899818216-768x512.jpg 768w, https:\/\/www.flamengos.pt\/jff\/wp-content\/uploads\/2023\/03\/Flamengos_-_Ilha_do_Faial_-_Portugal_51899818216-1536x1024.jpg 1536w, https:\/\/www.flamengos.pt\/jff\/wp-content\/uploads\/2023\/03\/Flamengos_-_Ilha_do_Faial_-_Portugal_51899818216.jpg 2048w\" sizes=\"(max-width: 360px) 100vw, 360px\" \/><figcaption class=\"wp-element-caption\">Vista fregueisa dos flamengos &#8211; Horta<\/figcaption><\/figure>\n<\/div>\n<\/div>\n\n\n\n<div class=\"wp-block-columns is-layout-flex wp-container-core-columns-is-layout-9d6595d7 wp-block-columns-is-layout-flex\">\n<div class=\"wp-block-column is-layout-flow wp-block-column-is-layout-flow\">\n<h2 class=\"wp-block-heading\">Servi\u00e7os, Cultura e Desporto<\/h2>\n<\/div>\n<\/div>\n\n\n\n<p>Ao servi\u00e7o da popula\u00e7\u00e3o existe uma creche e centro de noite e dia, posto de atendimento ao cidad\u00e3o (RIAC), escola prim\u00e1ria com jardim de inf\u00e2ncia e ATL, posto m\u00e9dico e casa do povo.<\/p>\n\n\n\n<p>Mant\u00e9m em atividade algumas institui\u00e7\u00f5es em diversas \u00e1reas: filarm\u00f3nica, clube de futebol, grupo folcl\u00f3rico, agrupamento de escuteiros e conv\u00edvio de idosos.<\/p>\n\n\n\n<p>Merece destaque a&nbsp;<strong>Sociedade Filarm\u00f3nica Nova Artista Flamenguense<\/strong>, fundada em 23 de Janeiro de 1881, foi a primeira banda de m\u00fasica no meio rural. Entre 1899 a 1912, o seu Ensaiador e Director Musical, o Maestro Francisco Xavier Simaria. Al\u00e9m desta, destaca-se ainda a&nbsp;<strong>Tuna e Grupo Folcl\u00f3rico Juvenil dos Flamengos<\/strong>, fundado em Outubro de 1978, pelo Prof. Ant\u00f3nio da Luz Rodrigues, que serviu como seu Ensaiador e Director Musical. De dentro do grupo viria a nascer o&nbsp;<strong>Grupo de Cantares &#8220;Sons do Vale&#8221;<\/strong>, em 1 de Mar\u00e7o de 1999.<\/p>\n\n\n\n<p>E o clube de futebol o <strong>Futebol Clube dos Flamengos<\/strong>, no desporto, clube fundado em 1974, que conta com mais de 150 atletas, tendo conquistado no ano de 2023,  pela Federa\u00e7\u00e3o Portuguesa de Futebol a categoria de Entidade Formadora de 3 estrelas.<\/p>\n\n\n\n<div class=\"wp-block-columns is-layout-flex wp-container-core-columns-is-layout-9d6595d7 wp-block-columns-is-layout-flex\">\n<div class=\"wp-block-column is-layout-flow wp-block-column-is-layout-flow\">\n<div class=\"wp-block-columns is-layout-flex wp-container-core-columns-is-layout-9d6595d7 wp-block-columns-is-layout-flex\">\n<div class=\"wp-block-column is-layout-flow wp-block-column-is-layout-flow\"><div class=\"wp-block-image is-style-rounded\">\n<figure class=\"aligncenter size-full is-resized\"><a href=\"https:\/\/www.facebook.com\/profile.php?id=100076381656392\" target=\"_blank\" rel=\"noreferrer noopener\"><img decoding=\"async\" src=\"https:\/\/www.flamengos.pt\/jff\/wp-content\/uploads\/2023\/08\/cropped-cropped-ccdeslogosite-1-162x98-1.jpg\" alt=\"\" class=\"wp-image-1474\" style=\"object-fit:cover;width:140px;height:83px\" width=\"140\" height=\"83\"\/><\/a><\/figure>\n<\/div><\/div>\n\n\n\n<div class=\"wp-block-column is-layout-flow wp-block-column-is-layout-flow\"><div class=\"wp-block-image is-style-rounded\">\n<figure class=\"aligncenter size-thumbnail is-resized\"><a href=\"https:\/\/www.facebook.com\/profile.php?id=100004083424316\" target=\"_blank\" rel=\"noreferrer noopener\"><img decoding=\"async\" src=\"https:\/\/www.flamengos.pt\/jff\/wp-content\/uploads\/2023\/08\/359328221_3116023928543691_4056179437261196209_n-removebg-preview-1-150x150.png\" alt=\"\" class=\"wp-image-1481\" style=\"height:88px\" height=\"88\"\/><\/a><\/figure>\n<\/div><\/div>\n<\/div>\n<\/div>\n\n\n\n<div class=\"wp-block-column is-layout-flow wp-block-column-is-layout-flow\">\n<div class=\"wp-block-columns is-layout-flex wp-container-core-columns-is-layout-9d6595d7 wp-block-columns-is-layout-flex\">\n<div class=\"wp-block-column is-layout-flow wp-block-column-is-layout-flow\"><div class=\"wp-block-image is-style-rounded\">\n<figure class=\"aligncenter size-full is-resized\"><a href=\"https:\/\/www.facebook.com\/profile.php?id=100064524743542\" target=\"_blank\" rel=\"noreferrer noopener\"><img decoding=\"async\" src=\"https:\/\/www.flamengos.pt\/jff\/wp-content\/uploads\/2023\/08\/nova_igreja_flamengos_faial_0_dr_ia_600-400.jpg\" alt=\"\" class=\"wp-image-1852\" style=\"width:143px;height:95px\" width=\"143\" height=\"95\" srcset=\"https:\/\/www.flamengos.pt\/jff\/wp-content\/uploads\/2023\/08\/nova_igreja_flamengos_faial_0_dr_ia_600-400.jpg 600w, https:\/\/www.flamengos.pt\/jff\/wp-content\/uploads\/2023\/08\/nova_igreja_flamengos_faial_0_dr_ia_600-400-300x200.jpg 300w\" sizes=\"(max-width: 143px) 100vw, 143px\" \/><\/a><\/figure>\n<\/div><\/div>\n\n\n\n<div class=\"wp-block-column is-layout-flow wp-block-column-is-layout-flow\"><div class=\"wp-block-image is-style-rounded\">\n<figure class=\"aligncenter size-full is-resized\"><a href=\"https:\/\/www.facebook.com\/photo\/?fbid=433364722219963&amp;set=pb.100066393168644.-2207520000\" target=\"_blank\" rel=\"noreferrer noopener\"><img decoding=\"async\" src=\"https:\/\/www.flamengos.pt\/jff\/wp-content\/uploads\/2023\/08\/escuteirosflamengos.jpg\" alt=\"\" class=\"wp-image-1853\" style=\"object-fit:cover;width:79px;height:92px\" width=\"79\" height=\"92\"\/><\/a><\/figure>\n<\/div><\/div>\n<\/div>\n<\/div>\n<\/div>\n\n\n\n<div class=\"wp-block-columns is-layout-flex wp-container-core-columns-is-layout-9d6595d7 wp-block-columns-is-layout-flex\">\n<div class=\"wp-block-column is-layout-flow wp-block-column-is-layout-flow\"><div class=\"wp-block-image is-style-rounded\">\n<figure class=\"aligncenter size-full is-resized\"><a href=\"https:\/\/www.facebook.com\/profile.php?id=100031928273456\" target=\"_blank\" rel=\"noreferrer noopener\"><img decoding=\"async\" src=\"https:\/\/www.flamengos.pt\/jff\/wp-content\/uploads\/2023\/08\/56b0a4_9e3175f785e040528d4eb05892eccb03mv2-1.webp\" alt=\"\" class=\"wp-image-1854\" style=\"width:116px;height:108px\" width=\"116\" height=\"108\"\/><\/a><\/figure>\n<\/div><\/div>\n\n\n\n<div class=\"wp-block-column is-layout-flow wp-block-column-is-layout-flow\"><div class=\"wp-block-image is-style-rounded\">\n<figure class=\"aligncenter size-large is-resized\"><a href=\"https:\/\/www.facebook.com\/tunagrupofolcloricojuvenilflamengos\" target=\"_blank\" rel=\"noreferrer noopener\"><img decoding=\"async\" src=\"https:\/\/www.flamengos.pt\/jff\/wp-content\/uploads\/2023\/08\/267742527_2059376474228656_6638539596316361810_n-1024x1024.jpg\" alt=\"\" class=\"wp-image-1471\" style=\"width:114px;height:114px\" width=\"114\" height=\"114\" srcset=\"https:\/\/www.flamengos.pt\/jff\/wp-content\/uploads\/2023\/08\/267742527_2059376474228656_6638539596316361810_n-1024x1024.jpg 1024w, https:\/\/www.flamengos.pt\/jff\/wp-content\/uploads\/2023\/08\/267742527_2059376474228656_6638539596316361810_n-300x300.jpg 300w, https:\/\/www.flamengos.pt\/jff\/wp-content\/uploads\/2023\/08\/267742527_2059376474228656_6638539596316361810_n-150x150.jpg 150w, https:\/\/www.flamengos.pt\/jff\/wp-content\/uploads\/2023\/08\/267742527_2059376474228656_6638539596316361810_n-768x768.jpg 768w, https:\/\/www.flamengos.pt\/jff\/wp-content\/uploads\/2023\/08\/267742527_2059376474228656_6638539596316361810_n.jpg 1063w\" sizes=\"(max-width: 114px) 100vw, 114px\" \/><\/a><\/figure>\n<\/div><\/div>\n\n\n\n<div class=\"wp-block-column is-layout-flow wp-block-column-is-layout-flow\"><div class=\"wp-block-image is-style-rounded\">\n<figure class=\"aligncenter size-full is-resized\"><a href=\"https:\/\/www.facebook.com\/fcflamengos\" target=\"_blank\" rel=\"noreferrer noopener\"><img decoding=\"async\" src=\"https:\/\/www.flamengos.pt\/jff\/wp-content\/uploads\/2023\/08\/307366913_590698302844549_7295474329222069310_n.jpg\" alt=\"\" class=\"wp-image-1472\" style=\"width:104px;height:104px\" width=\"104\" height=\"104\" srcset=\"https:\/\/www.flamengos.pt\/jff\/wp-content\/uploads\/2023\/08\/307366913_590698302844549_7295474329222069310_n.jpg 180w, https:\/\/www.flamengos.pt\/jff\/wp-content\/uploads\/2023\/08\/307366913_590698302844549_7295474329222069310_n-150x150.jpg 150w\" sizes=\"(max-width: 104px) 100vw, 104px\" \/><\/a><\/figure>\n<\/div><\/div>\n<\/div>\n\n\n\n<p><\/p>\n\n\n\n<h2 class=\"wp-block-heading\">Festividades<\/h2>\n\n\n\n<p>O Dia da Freguesia \u00e9 celebrado a 8 de Setembro em simult\u00e2neo com os festejos em honra da padroeira dos Flamengos, N\u00aa Sr\u00aa da Luz. Na par\u00f3quia da freguesia tamb\u00e9m se celebram os santos populares, S\u00e3o Jo\u00e3o e o padroeiro S\u00e3o Pedro.<\/p>\n\n\n\n<p>Algumas semanas ap\u00f3s a P\u00e1scoa \u00e9 altura dos imp\u00e9rios em louvor do Divino Esp\u00edrito Santo, e procedem-se as coroa\u00e7\u00f5es e s\u00e3o servidas as famosas sopas do esp\u00edrito santo. Existem sete imp\u00e9rios na freguesia. S\u00e3o eles:<\/p>\n\n\n\n<p><a rel=\"noreferrer noopener\" href=\"https:\/\/www.facebook.com\/imperiodaponte\/\" target=\"_blank\">Imp\u00e9rio da Ponte<\/a> | <a rel=\"noreferrer noopener\" href=\"https:\/\/www.facebook.com\/profile.php?id=100080474075795\" target=\"_blank\">Imp\u00e9rio do Esp\u00edrito Santo da Cruz do Bravo<\/a> | Imp\u00e9rio da Lomba | <a rel=\"noreferrer noopener\" href=\"https:\/\/www.facebook.com\/imperiocantinho\" target=\"_blank\">Imp\u00e9rio do Cantinho<\/a> | Imp\u00e9rio da Festa | Imp\u00e9rio do Farrobo | <a href=\"https:\/\/www.facebook.com\/profile.php?id=100093305070285\">Imp\u00e9rio da <\/a><a rel=\"noreferrer noopener\" href=\"https:\/\/www.facebook.com\/profile.php?id=100093305070285\" target=\"_blank\">Trindade<\/a><\/p>\n\n\n\n<div class=\"wp-block-columns is-layout-flex wp-container-core-columns-is-layout-9d6595d7 wp-block-columns-is-layout-flex\">\n<div class=\"wp-block-column is-layout-flow wp-block-column-is-layout-flow\"><div class=\"wp-block-image\">\n<figure class=\"aligncenter size-full is-resized\"><img decoding=\"async\" src=\"https:\/\/www.flamengos.pt\/jff\/wp-content\/uploads\/2023\/08\/5103715_RkrxjuTjMVXMgqWIatXPUvOzusDNFokbYBMCJEAUOxc.jpg\" alt=\"\" class=\"wp-image-1485\" style=\"width:407px;height:407px\" width=\"407\" height=\"407\" srcset=\"https:\/\/www.flamengos.pt\/jff\/wp-content\/uploads\/2023\/08\/5103715_RkrxjuTjMVXMgqWIatXPUvOzusDNFokbYBMCJEAUOxc.jpg 600w, https:\/\/www.flamengos.pt\/jff\/wp-content\/uploads\/2023\/08\/5103715_RkrxjuTjMVXMgqWIatXPUvOzusDNFokbYBMCJEAUOxc-300x300.jpg 300w, https:\/\/www.flamengos.pt\/jff\/wp-content\/uploads\/2023\/08\/5103715_RkrxjuTjMVXMgqWIatXPUvOzusDNFokbYBMCJEAUOxc-150x150.jpg 150w\" sizes=\"(max-width: 407px) 100vw, 407px\" \/><\/figure>\n<\/div><\/div>\n\n\n\n<div class=\"wp-block-column is-layout-flow wp-block-column-is-layout-flow\"><div class=\"wp-block-image\">\n<figure class=\"aligncenter size-large is-resized\"><img decoding=\"async\" src=\"https:\/\/www.flamengos.pt\/jff\/wp-content\/uploads\/2023\/08\/353742103_6747898065223002_4197531196171839268_n-1024x683.jpg\" alt=\"\" class=\"wp-image-1856\" style=\"width:615px;height:410px\" width=\"615\" height=\"410\" srcset=\"https:\/\/www.flamengos.pt\/jff\/wp-content\/uploads\/2023\/08\/353742103_6747898065223002_4197531196171839268_n-1024x683.jpg 1024w, https:\/\/www.flamengos.pt\/jff\/wp-content\/uploads\/2023\/08\/353742103_6747898065223002_4197531196171839268_n-300x200.jpg 300w, https:\/\/www.flamengos.pt\/jff\/wp-content\/uploads\/2023\/08\/353742103_6747898065223002_4197531196171839268_n-768x512.jpg 768w, https:\/\/www.flamengos.pt\/jff\/wp-content\/uploads\/2023\/08\/353742103_6747898065223002_4197531196171839268_n-1536x1024.jpg 1536w, https:\/\/www.flamengos.pt\/jff\/wp-content\/uploads\/2023\/08\/353742103_6747898065223002_4197531196171839268_n.jpg 2048w\" sizes=\"(max-width: 615px) 100vw, 615px\" \/><\/figure>\n<\/div><\/div>\n<\/div>\n\n\n\n<div class=\"wp-block-columns is-layout-flex wp-container-core-columns-is-layout-9d6595d7 wp-block-columns-is-layout-flex\">\n<div class=\"wp-block-column is-layout-flow wp-block-column-is-layout-flow\"><div class=\"wp-block-image\">\n<figure class=\"aligncenter size-large is-resized\"><img decoding=\"async\" src=\"https:\/\/www.flamengos.pt\/jff\/wp-content\/uploads\/2023\/08\/306615195_5873164706029680_7929461333264429191_n-1024x683.jpg\" alt=\"\" class=\"wp-image-1855\" style=\"width:842px;height:561px\" width=\"842\" height=\"561\" srcset=\"https:\/\/www.flamengos.pt\/jff\/wp-content\/uploads\/2023\/08\/306615195_5873164706029680_7929461333264429191_n-1024x683.jpg 1024w, https:\/\/www.flamengos.pt\/jff\/wp-content\/uploads\/2023\/08\/306615195_5873164706029680_7929461333264429191_n-300x200.jpg 300w, https:\/\/www.flamengos.pt\/jff\/wp-content\/uploads\/2023\/08\/306615195_5873164706029680_7929461333264429191_n-768x512.jpg 768w, https:\/\/www.flamengos.pt\/jff\/wp-content\/uploads\/2023\/08\/306615195_5873164706029680_7929461333264429191_n-1536x1024.jpg 1536w, https:\/\/www.flamengos.pt\/jff\/wp-content\/uploads\/2023\/08\/306615195_5873164706029680_7929461333264429191_n.jpg 2048w\" sizes=\"(max-width: 842px) 100vw, 842px\" \/><\/figure>\n<\/div><\/div>\n<\/div>\n","protected":false},"excerpt":{"rendered":"<p>Situada no centro da Ilha do Faial, a freguesia Flamengos destaca-se pela beleza natural do seu vale e da ribeira que o percorre desde a Caldeira, culminando com numa encantadora paisagem com a montanha do Pico como cen\u00e1rio.<\/p>\n<p>Numa \u00e1rea de 14,13 km\u00b2 a freguesia dos Flamengos d\u00e1 a conhecer o patrim\u00f3nio que a sua popula\u00e7\u00e3o ergueu desde os tempos da povoa\u00e7\u00e3o da Ilha do Faial. \u00c9 poss\u00edvel reviver o passado ao visitar a zona das Bicas e a Ermida de S\u00e3o Jo\u00e3o da Caldeira.<\/p>\n<p>Atualmente com cerca de  1 561 habitantes, gerando uma densidade populacional de cerca de 110,5 hab\/km\u00b2 e 1128 eleitores inscritos.<\/p>\n","protected":false},"author":1,"featured_media":1294,"parent":0,"menu_order":0,"comment_status":"closed","ping_status":"closed","template":"","meta":{"_EventAllDay":false,"_EventTimezone":"","_EventStartDate":"","_EventEndDate":"","_EventStartDateUTC":"","_EventEndDateUTC":"","_EventShowMap":false,"_EventShowMapLink":false,"_EventURL":"","_EventCost":"","_EventCostDescription":"","_EventCurrencySymbol":"","_EventCurrencyCode":"","_EventCurrencyPosition":"","_EventDateTimeSeparator":"","_EventTimeRangeSeparator":"","_EventOrganizerID":[],"_EventVenueID":[],"_OrganizerEmail":"","_OrganizerPhone":"","_OrganizerWebsite":"","_VenueAddress":"","_VenueCity":"","_VenueCountry":"","_VenueProvince":"","_VenueState":"","_VenueZip":"","_VenuePhone":"","_VenueURL":"","_VenueStateProvince":"","_VenueLat":"","_VenueLng":"","_VenueShowMap":false,"_VenueShowMapLink":false,"footnotes":""},"class_list":["post-1297","page","type-page","status-publish","has-post-thumbnail","hentry"],"aioseo_notices":[],"_links":{"self":[{"href":"https:\/\/www.flamengos.pt\/jff\/wp-json\/wp\/v2\/pages\/1297","targetHints":{"allow":["GET"]}}],"collection":[{"href":"https:\/\/www.flamengos.pt\/jff\/wp-json\/wp\/v2\/pages"}],"about":[{"href":"https:\/\/www.flamengos.pt\/jff\/wp-json\/wp\/v2\/types\/page"}],"author":[{"embeddable":true,"href":"https:\/\/www.flamengos.pt\/jff\/wp-json\/wp\/v2\/users\/1"}],"replies":[{"embeddable":true,"href":"https:\/\/www.flamengos.pt\/jff\/wp-json\/wp\/v2\/comments?post=1297"}],"version-history":[{"count":0,"href":"https:\/\/www.flamengos.pt\/jff\/wp-json\/wp\/v2\/pages\/1297\/revisions"}],"wp:featuredmedia":[{"embeddable":true,"href":"https:\/\/www.flamengos.pt\/jff\/wp-json\/wp\/v2\/media\/1294"}],"wp:attachment":[{"href":"https:\/\/www.flamengos.pt\/jff\/wp-json\/wp\/v2\/media?parent=1297"}],"curies":[{"name":"wp","href":"https:\/\/api.w.org\/{rel}","templated":true}]}}