{"id":1584,"date":"2023-08-23T12:07:29","date_gmt":"2023-08-23T12:07:29","guid":{"rendered":"https:\/\/www.flamengos.pt\/jff\/?page_id=1584"},"modified":"2023-08-23T12:59:25","modified_gmt":"2023-08-23T12:59:25","slug":"composicao-desde-de-1976","status":"publish","type":"page","link":"https:\/\/www.flamengos.pt\/jff\/autarquia\/composicao-desde-de-1976\/","title":{"rendered":"Composi\u00e7\u00e3o desde de 1976"},"content":{"rendered":"\t\t\t<!-- Cool Timeline Free V2.9.8 -->\r\n\t\t\t<div class=\"ctl-wrapper\" role=\"region\" aria-label=\"Timeline\">\r\n\t\t\t\t<div class=\"ctl-before-content\"><div class=\"timeline-main-title\"><h2>Desde<\/h2><\/div><\/div>\t\t\t\t<div id=\"cool_timeline_1\" class=\"cool-timeline-wrapper ctl-both-sided ctl-vertical-wrapper\" >\r\n\t\t\t\t\t<div class=\"ctl-start\"><\/div>\r\n\t\t\t\t\t<!-- Timeline Container -->\r\n\t\t\t\t\t<div class=\"ctl-timeline ctl-timeline-container\" data-animation=\"fade-up\">\r\n\t\t\t\t\t\t<!-- Center Line -->\r\n\t\t\t\t\t\t<div class=\"ctl-inner-line\" role=\"presentation\"><\/div>\r\n\t\t\t\t\t\t<!-- Timeline Content --><div  id=\"ctl-story-1643\" class=\"ctl-story ctl-story-icon odd ctl-story-right\" data-aos=\"fade-up\"   data-story-index=\"1\" role=\"article\"><!-- Story Date --><div class=\"ctl-labels\"><div class=\"ctl-label-big story-date\">2021<\/div><\/div><!-- Story Icon --><div class=\"ctl-icon\"><i class=\"fa fa-clock-o\" aria-hidden=\"true\"><\/i><\/div> <!-- Story Arrow --><div class=\"ctl-arrow\"><\/div><!-- Story Content --><div class=\"ctl-content\"><!-- Story Title --><div class=\"ctl-title story-1643\" aria-label=\"2\">26-09-2021<\/div><!-- Story Description --><div class=\"ctl-description\"><h2>Junta de Freguesia<\/h2>\n<ul>\n<li>PRESIDENTE-<strong> Jos\u00e9 Manuel Amaral Serpa<\/strong><\/li>\n<li>SECRET\u00c1RIO &#8211; <strong>Paulo Jorge Silva Fialho<\/strong><\/li>\n<li>TESOUREIRO &#8211; <strong>Marisa Nicola Silveira Serpa<\/strong><\/li>\n<\/ul>\n<h2>Assembleia da Freguesia<\/h2>\n<ul>\n<li style=\"list-style-type: none;\">\n<ul>\n<li>PRESIDENTE &#8211; <strong>M\u00e1rio Leal Abreu<\/strong><\/li>\n<li>VOGAIS\n<ul>\n<li><strong>Maria de F\u00e1tima Anjos Pereira Heitich<\/strong><\/li>\n<li><strong>Lu\u00eds Ant\u00f3nio Teles Amaral<\/strong><\/li>\n<li><b>M\u00e1rio Rui dos Santos<\/b><\/li>\n<li><strong>No\u00e9lia Medeiros<\/strong><\/li>\n<li><strong>Joaquim Il\u00eddio Rosa Correia<\/strong><\/li>\n<li><strong>Sherry Patr\u00edcia Silva Martins<\/strong><\/li>\n<li><b>Ricardo Filipe Gomes Duarte<\/b><\/li>\n<\/ul>\n<\/li>\n<\/ul>\n<\/li>\n<\/ul>\n<\/div><\/div><\/div><!-- Timeline Content --><div  id=\"ctl-story-1642\" class=\"ctl-story ctl-story-icon even ctl-story-left\" data-aos=\"fade-up\"   data-story-index=\"2\" role=\"article\"><!-- Story Date --><div class=\"ctl-labels\"><div class=\"ctl-label-big story-date\">2017<\/div><\/div><!-- Story Icon --><div class=\"ctl-icon\"><i class=\"fa fa-clock-o\" aria-hidden=\"true\"><\/i><\/div> <!-- Story Arrow --><div class=\"ctl-arrow\"><\/div><!-- Story Content --><div class=\"ctl-content\"><!-- Story Title --><div class=\"ctl-title story-1642\" aria-label=\"2\">01-10-2017<\/div><!-- Story Description --><div class=\"ctl-description\"><h2>Junta de Freguesia<\/h2>\n<ul>\n<li>PRESIDENTE-<strong> Jos\u00e9 Manuel Amaral Serpa<\/strong><\/li>\n<li>SECRET\u00c1RIO &#8211; <strong>Paulo Jorge Silva Fialho<\/strong><\/li>\n<li>TESOUREIRO &#8211; <strong>Marisa Nicola Silveira Serpa<\/strong><\/li>\n<\/ul>\n<h2>Assembleia da Freguesia<\/h2>\n<ul>\n<li style=\"list-style-type: none;\">\n<ul>\n<li>PRESIDENTE &#8211; <strong>M\u00e1rio Leal Abreu<\/strong><\/li>\n<li>VOGAIS\n<ul>\n<li><strong>Maria de F\u00e1tima Anjos Pereira Heitich<\/strong><\/li>\n<li><strong>D\u00e1rio Filipe Melo Silveira<\/strong><\/li>\n<li><b>Manuel Nunes<\/b><\/li>\n<li><strong>No\u00e9lia Medeiros<\/strong><\/li>\n<li><strong>Carlos Manuel Peixoto Costa Rita<\/strong><\/li>\n<li><strong>Ot\u00edlia Maria Carreiro Santos<\/strong><\/li>\n<li><b>Ricardo Amaral<\/b><\/li>\n<li><strong>Carlos Manuel Silva Lu\u00eds<\/strong><\/li>\n<\/ul>\n<\/li>\n<\/ul>\n<\/li>\n<\/ul>\n<\/div><\/div><\/div><!-- Timeline Content --><div  id=\"ctl-story-1641\" class=\"ctl-story ctl-story-icon odd ctl-story-right\" data-aos=\"fade-up\"   data-story-index=\"3\" role=\"article\"><!-- Story Date --><div class=\"ctl-labels\"><div class=\"ctl-label-big story-date\">2013<\/div><\/div><!-- Story Icon --><div class=\"ctl-icon\"><i class=\"fa fa-clock-o\" aria-hidden=\"true\"><\/i><\/div> <!-- Story Arrow --><div class=\"ctl-arrow\"><\/div><!-- Story Content --><div class=\"ctl-content\"><!-- Story Title --><div class=\"ctl-title story-1641\" aria-label=\"2\">29-09-2013<\/div><!-- Story Description --><div class=\"ctl-description\"><h2>Junta de Freguesia<\/h2>\n<ul>\n<li>PRESIDENTE-<strong> Carlos Manuel Peixoto Costa Rita<\/strong><\/li>\n<li>SECRET\u00c1RIO &#8211; <strong>Joaquim Il\u00eddio da Rosa Correia<\/strong><\/li>\n<li>TESOUREIRO &#8211; <strong>Ant\u00f3nio Manuel Amaral Silva<\/strong><\/li>\n<\/ul>\n<h2>Assembleia da Freguesia<\/h2>\n<ul>\n<li style=\"list-style-type: none;\">\n<ul>\n<li>PRESIDENTE &#8211; <strong>Ot\u00edlia Maria Carreiro Santos<\/strong><\/li>\n<li>VOGAIS\n<ul>\n<li><strong>R\u00faben Gomes Lob\u00e3o<\/strong><\/li>\n<li><strong>Fernanda Maria Duarte de Melo Rodrigues<\/strong><\/li>\n<li><b>Lu\u00eds Carlos Pereira Medeiros<\/b><\/li>\n<li><strong>Maria Filomena Tavares Santos Pereira<\/strong><\/li>\n<li><strong>Sandra Lisa Baptista Borges<\/strong><\/li>\n<li><strong>Flora Manuela Soares Carmo<\/strong><\/li>\n<li><strong>Norberto \u00c1vila Almeida<\/strong><\/li>\n<li><strong>Bruno Emanuel Garcia de Melo<\/strong><\/li>\n<\/ul>\n<\/li>\n<\/ul>\n<\/li>\n<\/ul>\n<\/div><\/div><\/div><!-- Timeline Content --><div  id=\"ctl-story-1640\" class=\"ctl-story ctl-story-icon even ctl-story-left\" data-aos=\"fade-up\"   data-story-index=\"4\" role=\"article\"><!-- Story Date --><div class=\"ctl-labels\"><div class=\"ctl-label-big story-date\">2009<\/div><\/div><!-- Story Icon --><div class=\"ctl-icon\"><i class=\"fa fa-clock-o\" aria-hidden=\"true\"><\/i><\/div> <!-- Story Arrow --><div class=\"ctl-arrow\"><\/div><!-- Story Content --><div class=\"ctl-content\"><!-- Story Title --><div class=\"ctl-title story-1640\" aria-label=\"2\">11-10-2009<\/div><!-- Story Description --><div class=\"ctl-description\"><h2>Junta de Freguesia<\/h2>\n<ul>\n<li>PRESIDENTE-<strong> Carlos Manuel Peixoto Costa Rita<\/strong><\/li>\n<li>SECRET\u00c1RIO &#8211; <strong>Joaquim Il\u00eddio da Rosa Correia<\/strong><\/li>\n<li>TESOUREIRO &#8211; <strong>Ant\u00f3nio Manuel Amaral Silva<\/strong><\/li>\n<\/ul>\n<h2>Assembleia da Freguesia<\/h2>\n<ul>\n<li style=\"list-style-type: none;\">\n<ul>\n<li>PRESIDENTE &#8211;<strong> Henrique Vieira da Silva <\/strong>(renunciou em 2011, tendo sido substitu\u00eddo por <strong>Carlos Manuel da Silva Lu\u00eds<\/strong>)<\/li>\n<li>VOGAIS\n<ul>\n<li><strong>Ot\u00edlia Maria Carreiro Santos<\/strong><\/li>\n<li><b>Rosa Maria Pimentel Freitas Silva\u00a0<\/b>(renunciou em 2012, tendo sido substitu\u00edda por <strong>Carla de F\u00e1tima Pires Garcia<\/strong>)<\/li>\n<li><strong>R\u00faben Gomes Lob\u00e3o<\/strong><\/li>\n<li><strong>Maria Filomena Tavares Santos Pereira<\/strong><\/li>\n<li><strong>Jorge Manuel \u00c1vila Silveira<\/strong><\/li>\n<li><strong>Paulo Jorge da Silva Fialho<\/strong><\/li>\n<li><strong>Avelina Goulart<\/strong><\/li>\n<li><strong>M\u00e1rio Leal Abreu<\/strong><\/li>\n<\/ul>\n<\/li>\n<\/ul>\n<\/li>\n<\/ul>\n<\/div><\/div><\/div><!-- Timeline Content --><div  id=\"ctl-story-1639\" class=\"ctl-story ctl-story-icon odd ctl-story-right\" data-aos=\"fade-up\"   data-story-index=\"5\" role=\"article\"><!-- Story Date --><div class=\"ctl-labels\"><div class=\"ctl-label-big story-date\">2005<\/div><\/div><!-- Story Icon --><div class=\"ctl-icon\"><i class=\"fa fa-clock-o\" aria-hidden=\"true\"><\/i><\/div> <!-- Story Arrow --><div class=\"ctl-arrow\"><\/div><!-- Story Content --><div class=\"ctl-content\"><!-- Story Title --><div class=\"ctl-title story-1639\" aria-label=\"2\">09-10-2005<\/div><!-- Story Description --><div class=\"ctl-description\"><h2>Junta de Freguesia<\/h2>\n<ul>\n<li>PRESIDENTE-<strong> Jos\u00e9 Leonardo Goulart da Silva<\/strong><\/li>\n<li>SECRET\u00c1RIO &#8211; <strong>Carlos Manuel Peixoto Costa Rita<\/strong><\/li>\n<li>TESOUREIRO &#8211; <strong>Ant\u00f3nio Manuel Amaral Silva<\/strong><\/li>\n<\/ul>\n<h2>Assembleia da Freguesia<\/h2>\n<ul>\n<li>PRESIDENTE &#8211;<strong> Henrique Vieira da Silva<\/strong><\/li>\n<li>VOGAIS\n<ul>\n<li><strong>Lu\u00eds Filipe Madruga Vieira da Silva<\/strong><\/li>\n<li><strong>Ot\u00edlia Maria Carreiro Santos<\/strong><\/li>\n<li><strong>Carlos MAnuel da Silva Lu\u00eds<\/strong><\/li>\n<li><b>Rosa Maria Pimentel Freitas Silva<\/b><\/li>\n<li><b>Joaquim Il\u00eddio da Rosa Correia<\/b><\/li>\n<li><strong>Carla de F\u00e1tima Pires Garcia<\/strong><\/li>\n<li><strong>Manuel Gabriel Brum da Silva<\/strong><\/li>\n<li><strong>Joaquim Herm\u00ednio \u00c1vila da Silveira<\/strong><\/li>\n<\/ul>\n<\/li>\n<\/ul>\n<\/div><\/div><\/div><!-- Timeline Content --><div  id=\"ctl-story-1638\" class=\"ctl-story ctl-story-icon even ctl-story-left\" data-aos=\"fade-up\"   data-story-index=\"6\" role=\"article\"><!-- Story Date --><div class=\"ctl-labels\"><div class=\"ctl-label-big story-date\">2001<\/div><\/div><!-- Story Icon --><div class=\"ctl-icon\"><i class=\"fa fa-clock-o\" aria-hidden=\"true\"><\/i><\/div> <!-- Story Arrow --><div class=\"ctl-arrow\"><\/div><!-- Story Content --><div class=\"ctl-content\"><!-- Story Title --><div class=\"ctl-title story-1638\" aria-label=\"2\">16-12-2001<\/div><!-- Story Description --><div class=\"ctl-description\"><h2>Junta de Freguesia<\/h2>\n<ul>\n<li>PRESIDENTE-<strong> Jos\u00e9 Leonardo Goulart da Silva<\/strong><\/li>\n<li>SECRET\u00c1RIO &#8211; <strong>Carlos Manuel Peixoto Costa Rita<\/strong><\/li>\n<li>TESOUREIRO &#8211; <strong>Ant\u00f3nio Manuel Amaral Silva<\/strong><\/li>\n<\/ul>\n<h2>Assembleia da Freguesia<\/h2>\n<ul>\n<li>PRESIDENTE &#8211;<strong> Henrique Vieira da Silva<\/strong><\/li>\n<li>VOGAIS\n<ul>\n<li><strong>Ot\u00edlia Maria Carreiro Santos<\/strong><\/li>\n<li><strong>Carlos Manuel da Silva Lu\u00eds<\/strong><\/li>\n<li><b>Rosa Maria Pimentel Freitas Silva<\/b><\/li>\n<li><b>Jorge Manuel \u00c1vila da Silveira<\/b><\/li>\n<li><strong>Carlos Manuel Melo Serpa<\/strong><\/li>\n<li><strong>Jos\u00e9 Manuel Serpa do Amaral<\/strong><\/li>\n<li><strong>Jo\u00e3o Carlos Gomes Duarte<\/strong><\/li>\n<li><strong>Estela Maria Porto Teles<\/strong><\/li>\n<\/ul>\n<\/li>\n<\/ul>\n<\/div><\/div><\/div><!-- Timeline Content --><div  id=\"ctl-story-1637\" class=\"ctl-story ctl-story-icon odd ctl-story-right\" data-aos=\"fade-up\"   data-story-index=\"7\" role=\"article\"><!-- Story Date --><div class=\"ctl-labels\"><div class=\"ctl-label-big story-date\">1997<\/div><\/div><!-- Story Icon --><div class=\"ctl-icon\"><i class=\"fa fa-clock-o\" aria-hidden=\"true\"><\/i><\/div> <!-- Story Arrow --><div class=\"ctl-arrow\"><\/div><!-- Story Content --><div class=\"ctl-content\"><!-- Story Title --><div class=\"ctl-title story-1637\" aria-label=\"2\">14-12-1997<\/div><!-- Story Description --><div class=\"ctl-description\"><h2>Junta de Freguesia<\/h2>\n<ul>\n<li>PRESIDENTE-<strong> Jos\u00e9 Leonardo Goulart da Silva<\/strong><\/li>\n<li>SECRET\u00c1RIO &#8211; <strong>Carlos Manuel Peixoto Costa Rita<\/strong><\/li>\n<li>TESOUREIRO &#8211; <strong>Ant\u00f3nio Manuel Amaral Silva<\/strong><\/li>\n<\/ul>\n<h2>Assembleia da Freguesia<\/h2>\n<ul>\n<li>PRESIDENTE &#8211;<strong> Henrique Vieira da Silva<\/strong><\/li>\n<li>VOGAIS\n<ul>\n<li><strong>Ot\u00edlia Maria Carreiro Santos<\/strong><\/li>\n<li><strong>Carlos Manuel da Silva Lu\u00eds<\/strong><\/li>\n<li><b>Ant\u00f3nio Correira Lob\u00e3o<\/b><\/li>\n<li><b>Paulino Fernando Bulc\u00e3o Tavares<\/b><\/li>\n<li><strong>M\u00e1rio Francisco Leal Abreu<\/strong><\/li>\n<li><strong>Carlos Manuel Melo Serpa<\/strong><\/li>\n<li><strong>Jos\u00e9 Alberto Tavares <\/strong>(falecido)<\/li>\n<li><strong>Albino Jos\u00e9 Costa Ramos<\/strong><\/li>\n<\/ul>\n<\/li>\n<\/ul>\n<\/div><\/div><\/div><!-- Timeline Content --><div  id=\"ctl-story-1636\" class=\"ctl-story ctl-story-icon even ctl-story-left\" data-aos=\"fade-up\"   data-story-index=\"8\" role=\"article\"><!-- Story Date --><div class=\"ctl-labels\"><div class=\"ctl-label-big story-date\">1993<\/div><\/div><!-- Story Icon --><div class=\"ctl-icon\"><i class=\"fa fa-clock-o\" aria-hidden=\"true\"><\/i><\/div> <!-- Story Arrow --><div class=\"ctl-arrow\"><\/div><!-- Story Content --><div class=\"ctl-content\"><!-- Story Title --><div class=\"ctl-title story-1636\" aria-label=\"2\">12-12-1993<\/div><!-- Story Description --><div class=\"ctl-description\"><h2>Junta de Freguesia<\/h2>\n<ul>\n<li>PRESIDENTE-<strong> Ant\u00f3nio Correia Lob\u00e3o<\/strong><\/li>\n<li>SECRET\u00c1RIO &#8211; <strong>Firm\u00ednio L\u00facio Duarte Pedroso<\/strong><\/li>\n<li>TESOUREIRO &#8211; <strong>Carlos Alberto Correia<\/strong><\/li>\n<\/ul>\n<h2>Assembleia da Freguesia<\/h2>\n<ul>\n<li>PRESIDENTE &#8211; <b>Jos\u00e9 Alberto Tavares <\/b>(falecido)<\/li>\n<li>VOGAIS\n<ul>\n<li><strong>Jos\u00e9 Garcia Borges<\/strong><\/li>\n<li><strong>Ant\u00f3nio Manuel Amaral Silva<\/strong><\/li>\n<li><b>Jorge Manuel \u00c1vila da Silveira<\/b><\/li>\n<li><strong>Manuela Florinda Soares Carmos <\/strong>(falecida)<\/li>\n<li><strong>M\u00e1rio francisco Leal Abreu<\/strong><\/li>\n<li><strong>Jos\u00e9 Adriano da Rosa<\/strong><\/li>\n<li><strong>Humberto Nazar\u00e9 Rodrigues<\/strong><\/li>\n<li><strong>Henrique Vieira da Silva<\/strong><\/li>\n<\/ul>\n<\/li>\n<\/ul>\n<\/div><\/div><\/div><!-- Timeline Content --><div  id=\"ctl-story-1635\" class=\"ctl-story ctl-story-icon odd ctl-story-right\" data-aos=\"fade-up\"   data-story-index=\"9\" role=\"article\"><!-- Story Date --><div class=\"ctl-labels\"><div class=\"ctl-label-big story-date\">1989<\/div><\/div><!-- Story Icon --><div class=\"ctl-icon\"><i class=\"fa fa-clock-o\" aria-hidden=\"true\"><\/i><\/div> <!-- Story Arrow --><div class=\"ctl-arrow\"><\/div><!-- Story Content --><div class=\"ctl-content\"><!-- Story Title --><div class=\"ctl-title story-1635\" aria-label=\"2\">17-12-1989<\/div><!-- Story Description --><div class=\"ctl-description\"><h2>Junta de Freguesia<\/h2>\n<ul>\n<li>PRESIDENTE-<strong> Ant\u00f3nio Correia Lob\u00e3o<\/strong><\/li>\n<li>SECRET\u00c1RIO &#8211; <strong>Firm\u00ednio L\u00facio Duarte Pedroso<\/strong><\/li>\n<li>TESOUREIRO &#8211; <strong>Carlos Alberto Correia<\/strong><\/li>\n<\/ul>\n<h2>Assembleia da Freguesia<\/h2>\n<ul>\n<li>PRESIDENTE &#8211; <b>Joaquim Garcia do Amaral<\/b><\/li>\n<li>VOGAIS\n<ul>\n<li><strong>Jos\u00e9 Alberto Tavares<\/strong><\/li>\n<li><strong>Rosa Maria Pimentel Freitas da Silva<\/strong><\/li>\n<li><b>Humberto Nazar\u00e9 Rodrigues<\/b><\/li>\n<li><strong>Manuel Sousa Melo<\/strong><\/li>\n<li><strong>Carlos Manuel Peixoto Costa Rita<\/strong><\/li>\n<li><strong>Jos\u00e9 Adriano da Rosa<\/strong><\/li>\n<li><strong>Gabriel Jorge Carmo<\/strong> (falecido)<\/li>\n<li><strong>Ant\u00f3nio Manuel Amaral Silva<\/strong><\/li>\n<\/ul>\n<\/li>\n<\/ul>\n<\/div><\/div><\/div><!-- Timeline Content --><div  id=\"ctl-story-1634\" class=\"ctl-story ctl-story-icon even ctl-story-left\" data-aos=\"fade-up\"   data-story-index=\"10\" role=\"article\"><!-- Story Date --><div class=\"ctl-labels\"><div class=\"ctl-label-big story-date\">1985<\/div><\/div><!-- Story Icon --><div class=\"ctl-icon\"><i class=\"fa fa-clock-o\" aria-hidden=\"true\"><\/i><\/div> <!-- Story Arrow --><div class=\"ctl-arrow\"><\/div><!-- Story Content --><div class=\"ctl-content\"><!-- Story Title --><div class=\"ctl-title story-1634\" aria-label=\"2\">15-12-1985<\/div><!-- Story Description --><div class=\"ctl-description\"><h2>Junta de Freguesia<\/h2>\n<ul>\n<li>PRESIDENTE-<strong> Ant\u00f3nio Correia Lob\u00e3o<\/strong><\/li>\n<li>SECRET\u00c1RIO &#8211; <strong>Firm\u00ednio L\u00facio Duarte Pedroso<\/strong><\/li>\n<li>TESOUREIRO &#8211; <strong>Carlos Alberto Correia<\/strong><\/li>\n<\/ul>\n<h2>Assembleia da Freguesia<\/h2>\n<ul>\n<li>PRESIDENTE &#8211; <b>Joaquim Garcia do Amaral<\/b><\/li>\n<li>VOGAIS\n<ul>\n<li><strong>Rosa Maria Pimentel Freitas Silva<\/strong><\/li>\n<li><strong>Manuel Sousa Melo<\/strong><\/li>\n<li><b>Joaquim Herm\u00ednio \u00c1vila da Silveira<\/b><\/li>\n<li><strong>Jos\u00e9 Henrique Vieira<\/strong><\/li>\n<li><strong>Jos\u00e9 Herm\u00ednio da Rosa Correia<\/strong><\/li>\n<li><strong>Jos\u00e9 Adriano da Rosa<\/strong><\/li>\n<\/ul>\n<\/li>\n<\/ul>\n<\/div><\/div><\/div><!-- Timeline Content --><div  id=\"ctl-story-1633\" class=\"ctl-story ctl-story-icon odd ctl-story-right\" data-aos=\"fade-up\"   data-story-index=\"11\" role=\"article\"><!-- Story Date --><div class=\"ctl-labels\"><div class=\"ctl-label-big story-date\">1982<\/div><\/div><!-- Story Icon --><div class=\"ctl-icon\"><i class=\"fa fa-clock-o\" aria-hidden=\"true\"><\/i><\/div> <!-- Story Arrow --><div class=\"ctl-arrow\"><\/div><!-- Story Content --><div class=\"ctl-content\"><!-- Story Title --><div class=\"ctl-title story-1633\" aria-label=\"2\">12-12-1982<\/div><!-- Story Description --><div class=\"ctl-description\"><h2>Junta de Freguesia<\/h2>\n<ul>\n<li>PRESIDENTE-<strong> Jos\u00e9 Garcia Lob\u00e3o<\/strong><\/li>\n<li>SECRET\u00c1RIO &#8211; <strong>Ant\u00f3nio Correia Lob\u00e3o<\/strong><\/li>\n<li>TESOUREIRO &#8211; <strong>Carlos Alberto Correia<\/strong><\/li>\n<\/ul>\n<h2>Assembleia da Freguesia<\/h2>\n<ul>\n<li>PRESIDENTE &#8211; <strong>Gilberto Vieira da Silva<\/strong> (falecido)<\/li>\n<li>VOGAIS\n<ul>\n<li><strong>Maria Antonieta Carvalho Fran\u00e7a Soares<\/strong><\/li>\n<li><strong>Jos\u00e9 Il\u00eddio Garcia Fialho<\/strong><\/li>\n<li><strong>Jo\u00e3o Mateus de Sousa<\/strong> (falecido)<\/li>\n<li><strong>Manuel Sousa Melo<\/strong><\/li>\n<li><strong>Rufino \u00c1vila de Faria<\/strong> (falecido)<\/li>\n<li><strong>Gabriel Jorge Carmo<\/strong> (falecido)<\/li>\n<\/ul>\n<\/li>\n<\/ul>\n<\/div><\/div><\/div><!-- Timeline Content --><div  id=\"ctl-story-1632\" class=\"ctl-story ctl-story-icon even ctl-story-left\" data-aos=\"fade-up\"   data-story-index=\"12\" role=\"article\"><!-- Story Date --><div class=\"ctl-labels\"><div class=\"ctl-label-big story-date\">1979<\/div><\/div><!-- Story Icon --><div class=\"ctl-icon\"><i class=\"fa fa-clock-o\" aria-hidden=\"true\"><\/i><\/div> <!-- Story Arrow --><div class=\"ctl-arrow\"><\/div><!-- Story Content --><div class=\"ctl-content\"><!-- Story Title --><div class=\"ctl-title story-1632\" aria-label=\"2\">16-12-1979<\/div><!-- Story Description --><div class=\"ctl-description\"><h2>Junta de Freguesia<\/h2>\n<ul>\n<li>PRESIDENTE-<strong> Jos\u00e9 Garcia Lob\u00e3o<\/strong><\/li>\n<li>SECRET\u00c1RIO &#8211; <strong>Ant\u00f3nio Correia Lob\u00e3o<\/strong><\/li>\n<li>TESOUREIRO &#8211; <strong>Carlos Alberto Correia<\/strong><\/li>\n<\/ul>\n<h2>Assembleia da Freguesia<\/h2>\n<ul>\n<li>PRESIDENTE &#8211; <strong>Gilberto Vieira da Silva<\/strong> (falecido)<\/li>\n<li>VOGAIS\n<ul>\n<li><strong>Maria Antonieta Carvalho Fran\u00e7a Soares<\/strong><\/li>\n<li><strong>Jos\u00e9 Il\u00eddio Garcia Fialho<\/strong><\/li>\n<li><strong>Jo\u00e3o Mateus de Sousa<\/strong> (falecido)<\/li>\n<li><strong>Manuel Sousa Melo<\/strong><\/li>\n<li><strong>Rufino \u00c1vila de Faria<\/strong> (falecido)<\/li>\n<li><strong>Gabriel Jorge Carmo<\/strong> (falecido)<\/li>\n<\/ul>\n<\/li>\n<\/ul>\n<\/div><\/div><\/div><!-- Timeline Content --><div  id=\"ctl-story-1630\" class=\"ctl-story ctl-story-icon odd ctl-story-right\" data-aos=\"fade-up\"   data-story-index=\"13\" role=\"article\"><!-- Story Date --><div class=\"ctl-labels\"><div class=\"ctl-label-big story-date\">1976<\/div><\/div><!-- Story Icon --><div class=\"ctl-icon\"><i class=\"fa fa-clock-o\" aria-hidden=\"true\"><\/i><\/div> <!-- Story Arrow --><div class=\"ctl-arrow\"><\/div><!-- Story Content --><div class=\"ctl-content\"><!-- Story Title --><div class=\"ctl-title story-1630\" aria-label=\"2\">12-12-1976<\/div><!-- Story Description --><div class=\"ctl-description\"><h2>Junta de Freguesia<\/h2>\n<ul>\n<li>PRESIDENTE &#8211; <strong>Jos\u00e9 Garcia Lob\u00e3o<\/strong><\/li>\n<li>SECRET\u00c1RIO &#8211; <strong>Gilberto Vieira Silva <\/strong>(falecido)<\/li>\n<li>TESOUREIRO &#8211; <strong>Jos\u00e9 Il\u00eddio Garcia Fialho<\/strong><\/li>\n<\/ul>\n<h2>Assembleia da Freguesia<\/h2>\n<ul>\n<li><strong>Maria Antonieta Carvalho Fran\u00e7a Soares\u00a0<\/strong><\/li>\n<li><strong> Jo\u00e3o do Carmo Machado\u00a0<\/strong><\/li>\n<li><strong> Ildefonso Raimundo Amaral\u00a0<\/strong><\/li>\n<li><strong>Jo\u00e3o Mateus de Sousa <\/strong>(falecido)<\/li>\n<li><strong> Manuel Sousa Melo\u00a0<\/strong><\/li>\n<li><strong> Rufino \u00c1vila de Faria\u00a0<\/strong><\/li>\n<li><strong> Jos\u00e9 Adriano da Rosa<\/strong><\/li>\n<\/ul>\n<\/div><\/div><\/div><!-- Timeline Content --><div  id=\"ctl-story-1592\" class=\"ctl-story ctl-story-icon even ctl-story-left\" data-aos=\"fade-up\"   data-story-index=\"14\" role=\"article\"><!-- Story Date --><div class=\"ctl-labels\"><div class=\"ctl-label-big story-date\">1974<\/div><\/div><!-- Story Icon --><div class=\"ctl-icon\"><i class= \"fa fas fa-people-carry\" aria-hidden =\"true\"><\/i><\/div> <!-- Story Arrow --><div class=\"ctl-arrow\"><\/div><!-- Story Content --><div class=\"ctl-content\"><!-- Story Title --><div class=\"ctl-title story-1592\" aria-label=\"2\">1974 &#8211; 1976<\/div><!-- Story Description --><div class=\"ctl-description\"><h2 style=\"text-align: center;\">Comiss\u00e3o Administrativa<\/h2>\n<p>&nbsp;<\/p>\n<ul>\n<li>PRESIDENTE &#8211; <strong>Jos\u00e9 Garcia Lob\u00e3o<\/strong><\/li>\n<li>SECRET\u00c1RIO &#8211; <strong>Gilberto Vieira Silva<\/strong><\/li>\n<li>TESOUREIRO- <strong>Renato Alberto Azevedo Lima<\/strong><\/li>\n<\/ul>\n<p>&nbsp;<\/p>\n<\/div><\/div><\/div>\t\t\t\t\t<\/div>\r\n\t\t\t\t\t<div class=\"ctl-end\"><\/div>\r\n\t\t\t\t\t\t\t\t\t<\/div>\r\n\t\t\t<\/div>\r\n\t\t\t","protected":false},"excerpt":{"rendered":"","protected":false},"author":1,"featured_media":0,"parent":1427,"menu_order":0,"comment_status":"closed","ping_status":"closed","template":"","meta":{"_EventAllDay":false,"_EventTimezone":"","_EventStartDate":"","_EventEndDate":"","_EventStartDateUTC":"","_EventEndDateUTC":"","_EventShowMap":false,"_EventShowMapLink":false,"_EventURL":"","_EventCost":"","_EventCostDescription":"","_EventCurrencySymbol":"","_EventCurrencyCode":"","_EventCurrencyPosition":"","_EventDateTimeSeparator":"","_EventTimeRangeSeparator":"","_EventOrganizerID":[],"_EventVenueID":[],"_OrganizerEmail":"","_OrganizerPhone":"","_OrganizerWebsite":"","_VenueAddress":"","_VenueCity":"","_VenueCountry":"","_VenueProvince":"","_VenueState":"","_VenueZip":"","_VenuePhone":"","_VenueURL":"","_VenueStateProvince":"","_VenueLat":"","_VenueLng":"","_VenueShowMap":false,"_VenueShowMapLink":false,"footnotes":""},"class_list":["post-1584","page","type-page","status-publish","hentry"],"aioseo_notices":[],"_links":{"self":[{"href":"https:\/\/www.flamengos.pt\/jff\/wp-json\/wp\/v2\/pages\/1584","targetHints":{"allow":["GET"]}}],"collection":[{"href":"https:\/\/www.flamengos.pt\/jff\/wp-json\/wp\/v2\/pages"}],"about":[{"href":"https:\/\/www.flamengos.pt\/jff\/wp-json\/wp\/v2\/types\/page"}],"author":[{"embeddable":true,"href":"https:\/\/www.flamengos.pt\/jff\/wp-json\/wp\/v2\/users\/1"}],"replies":[{"embeddable":true,"href":"https:\/\/www.flamengos.pt\/jff\/wp-json\/wp\/v2\/comments?post=1584"}],"version-history":[{"count":0,"href":"https:\/\/www.flamengos.pt\/jff\/wp-json\/wp\/v2\/pages\/1584\/revisions"}],"up":[{"embeddable":true,"href":"https:\/\/www.flamengos.pt\/jff\/wp-json\/wp\/v2\/pages\/1427"}],"wp:attachment":[{"href":"https:\/\/www.flamengos.pt\/jff\/wp-json\/wp\/v2\/media?parent=1584"}],"curies":[{"name":"wp","href":"https:\/\/api.w.org\/{rel}","templated":true}]}}