{"id":2692,"date":"2025-03-10T13:34:57","date_gmt":"2025-03-10T13:34:57","guid":{"rendered":"https:\/\/www.flamengos.pt\/jff\/?page_id=2692"},"modified":"2026-02-12T11:57:31","modified_gmt":"2026-02-12T11:57:31","slug":"tuna-e-grupo-folclorico-juvenis-dos-flamengos","status":"publish","type":"page","link":"https:\/\/www.flamengos.pt\/jff\/tuna-e-grupo-folclorico-juvenis-dos-flamengos\/","title":{"rendered":"Tuna e Grupo Folcl\u00f3rico Juvenil dos Flamengos"},"content":{"rendered":"\n<figure class=\"wp-block-image alignwide size-large\"><img decoding=\"async\" width=\"1024\" height=\"683\" src=\"https:\/\/www.flamengos.pt\/jff\/wp-content\/uploads\/2025\/03\/tuna-1024x683.jpg\" alt=\"\" class=\"wp-image-2704\" srcset=\"https:\/\/www.flamengos.pt\/jff\/wp-content\/uploads\/2025\/03\/tuna-1024x683.jpg 1024w, https:\/\/www.flamengos.pt\/jff\/wp-content\/uploads\/2025\/03\/tuna-300x200.jpg 300w, https:\/\/www.flamengos.pt\/jff\/wp-content\/uploads\/2025\/03\/tuna-768x512.jpg 768w, https:\/\/www.flamengos.pt\/jff\/wp-content\/uploads\/2025\/03\/tuna-1536x1024.jpg 1536w, https:\/\/www.flamengos.pt\/jff\/wp-content\/uploads\/2025\/03\/tuna.jpg 2048w\" sizes=\"(max-width: 1024px) 100vw, 1024px\" \/><\/figure>\n\n\n\n<div class=\"wp-block-columns is-layout-flex wp-container-core-columns-is-layout-9d6595d7 wp-block-columns-is-layout-flex\">\n<div class=\"wp-block-column is-layout-flow wp-block-column-is-layout-flow\">\n<h2 class=\"wp-block-heading\">Estatutos<\/h2>\n\n\n\n<ul class=\"wp-block-list\">\n<li><a href=\"https:\/\/www.flamengos.pt\/jff\/wp-content\/uploads\/2025\/03\/Estatutos-TGFJF.pdf\" target=\"_blank\" rel=\"noopener\" title=\"Estatutos\">Estatutos<\/a><\/li>\n\n\n\n<li><a href=\"https:\/\/www.flamengos.pt\/jff\/wp-content\/uploads\/2025\/03\/Registo-dos-estatutos-TGFJF.pdf\" target=\"_blank\" rel=\"noopener\" title=\"Registo dos Estatutos\">Registo dos Estatutos<\/a><\/li>\n\n\n\n<li><a href=\"https:\/\/www.flamengos.pt\/jff\/wp-content\/uploads\/2025\/03\/Regulamento-Interno-TGFJF.pdf\" target=\"_blank\" rel=\"noopener\" title=\"\">Regulamento Interno<\/a><\/li>\n<\/ul>\n<\/div>\n\n\n\n<div class=\"wp-block-column is-layout-flow wp-block-column-is-layout-flow\">\n<h2 class=\"wp-block-heading\">Org\u00e3o Sociais 2025-2026<\/h2>\n\n\n\n<ul class=\"wp-block-list\">\n<li><a href=\"https:\/\/www.flamengos.pt\/jff\/wp-content\/uploads\/2025\/03\/Ata-Eleicao-Orgaos-socias-2025-2026.pdf\" target=\"_blank\" rel=\"noopener\" title=\"Ata da Elei\u00e7\u00e3o\">Ata da Elei\u00e7\u00e3o<\/a><\/li>\n\n\n\n<li><a href=\"https:\/\/www.flamengos.pt\/jff\/wp-content\/uploads\/2025\/03\/Auto-de-posse-orgaos-sociais-2025-2026.pdf\" target=\"_blank\" rel=\"noopener\" title=\"\">Auto de posse <\/a><\/li>\n<\/ul>\n<\/div>\n<\/div>\n\n\n\n<div class=\"wp-block-columns is-layout-flex wp-container-core-columns-is-layout-9d6595d7 wp-block-columns-is-layout-flex\">\n<div class=\"wp-block-column is-layout-flow wp-block-column-is-layout-flow\">\n<h2 class=\"wp-block-heading\">Relat\u00f3rio de Atividades<\/h2>\n\n\n\n<ul class=\"wp-block-list\">\n<li><a href=\"https:\/\/www.flamengos.pt\/jff\/wp-content\/uploads\/2026\/02\/Relatorio-de-Atividades-2025.pdf\" target=\"_blank\" rel=\"noopener\" title=\"2025\">2025<\/a><\/li>\n\n\n\n<li><a href=\"https:\/\/www.flamengos.pt\/jff\/wp-content\/uploads\/2025\/03\/Relatorio-de-Atividades-de-2024.pdf\" target=\"_blank\" rel=\"noopener\" title=\"2024\">2024<\/a><\/li>\n\n\n\n<li><a href=\"https:\/\/www.flamengos.pt\/jff\/wp-content\/uploads\/2025\/03\/Relatorio-de-Atividades-de-2023.pdf\" target=\"_blank\" rel=\"noopener\" title=\"2023\">2023<\/a><\/li>\n\n\n\n<li><a href=\"https:\/\/www.flamengos.pt\/jff\/wp-content\/uploads\/2025\/03\/Relatorio-de-Atividades-de-2022.pdf\" target=\"_blank\" rel=\"noopener\" title=\"2022\">2022<\/a><\/li>\n\n\n\n<li><a href=\"https:\/\/www.flamengos.pt\/jff\/wp-content\/uploads\/2025\/03\/Relatorio-de-Atividades-de-2021.pdf\" target=\"_blank\" rel=\"noopener\" title=\"2021\">2021<\/a><\/li>\n\n\n\n<li><a href=\"https:\/\/www.flamengos.pt\/jff\/wp-content\/uploads\/2025\/03\/Relatorio-de-Atividades-de-2020.pdf\" target=\"_blank\" rel=\"noopener\" title=\"2020\">2020<\/a><\/li>\n<\/ul>\n<\/div>\n\n\n\n<div class=\"wp-block-column is-layout-flow wp-block-column-is-layout-flow\">\n<h2 class=\"wp-block-heading\">Relat\u00f3rios de Contas<\/h2>\n\n\n\n<ul class=\"wp-block-list\">\n<li><a href=\"https:\/\/www.flamengos.pt\/jff\/wp-content\/uploads\/2026\/02\/Relatorio-de-Gestao-Financeira-2025.pdf\" target=\"_blank\" rel=\"noopener\" title=\"2025\">2025<\/a><\/li>\n\n\n\n<li><a href=\"https:\/\/www.flamengos.pt\/jff\/wp-content\/uploads\/2025\/03\/Relatorio-de-gestao-financeira-2024.pdf\" target=\"_blank\" rel=\"noopener\" title=\"2024\">2024<\/a><\/li>\n\n\n\n<li><a href=\"https:\/\/www.flamengos.pt\/jff\/wp-content\/uploads\/2025\/03\/Relatorio-de-gestao-financeira-2023.pdf\" target=\"_blank\" rel=\"noopener\" title=\"2023\">2023<\/a><\/li>\n\n\n\n<li><a href=\"https:\/\/www.flamengos.pt\/jff\/wp-content\/uploads\/2025\/03\/Relatorio-de-gestao-financeira-2022.pdf\" target=\"_blank\" rel=\"noopener\" title=\"2022\">2022<\/a><\/li>\n\n\n\n<li><a href=\"https:\/\/www.flamengos.pt\/jff\/wp-content\/uploads\/2025\/03\/Relatorio-de-Gestao-financeira-2021.pdf\" target=\"_blank\" rel=\"noopener\" title=\"2021\">2021<\/a><\/li>\n\n\n\n<li><a href=\"https:\/\/www.flamengos.pt\/jff\/wp-content\/uploads\/2025\/03\/Relatorio-de-Gestao-financeira-2020.pdf\" target=\"_blank\" rel=\"noopener\" title=\"2020\">2020<\/a><\/li>\n<\/ul>\n<\/div>\n<\/div>\n\n\n\n<ul class=\"wp-block-social-links is-layout-flex wp-block-social-links-is-layout-flex\"><li class=\"wp-social-link wp-social-link-facebook  wp-block-social-link\"><a rel=\"noopener nofollow\" target=\"_blank\" href=\"https:\/\/www.facebook.com\/tunagrupofolcloricojuvenilflamengos\" class=\"wp-block-social-link-anchor\"><svg width=\"24\" height=\"24\" viewBox=\"0 0 24 24\" version=\"1.1\" xmlns=\"http:\/\/www.w3.org\/2000\/svg\" aria-hidden=\"true\" focusable=\"false\"><path d=\"M12 2C6.5 2 2 6.5 2 12c0 5 3.7 9.1 8.4 9.9v-7H7.9V12h2.5V9.8c0-2.5 1.5-3.9 3.8-3.9 1.1 0 2.2.2 2.2.2v2.5h-1.3c-1.2 0-1.6.8-1.6 1.6V12h2.8l-.4 2.9h-2.3v7C18.3 21.1 22 17 22 12c0-5.5-4.5-10-10-10z\"><\/path><\/svg><span class=\"wp-block-social-link-label screen-reader-text\">Facebook<\/span><\/a><\/li>\n\n<li class=\"wp-social-link wp-social-link-mail  wp-block-social-link\"><a rel=\"noopener nofollow\" target=\"_blank\" href=\"mailto:&#116;&#117;&#110;a&#103;fo&#108;&#099;&#102;&#108;&#097;m&#101;n&#103;o&#115;&#064;s&#097;&#112;o&#046;&#112;&#116;\" class=\"wp-block-social-link-anchor\"><svg width=\"24\" height=\"24\" viewBox=\"0 0 24 24\" version=\"1.1\" xmlns=\"http:\/\/www.w3.org\/2000\/svg\" aria-hidden=\"true\" focusable=\"false\"><path d=\"M19,5H5c-1.1,0-2,.9-2,2v10c0,1.1.9,2,2,2h14c1.1,0,2-.9,2-2V7c0-1.1-.9-2-2-2zm.5,12c0,.3-.2.5-.5.5H5c-.3,0-.5-.2-.5-.5V9.8l7.5,5.6,7.5-5.6V17zm0-9.1L12,13.6,4.5,7.9V7c0-.3.2-.5.5-.5h14c.3,0,.5.2.5.5v.9z\"><\/path><\/svg><span class=\"wp-block-social-link-label screen-reader-text\">Mail<\/span><\/a><\/li><\/ul>\n\n\n\n<p><\/p>\n","protected":false},"excerpt":{"rendered":"<p>Estatutos Org\u00e3o Sociais 2025-2026 Relat\u00f3rio de Atividades Relat\u00f3rios de Contas<\/p>\n","protected":false},"author":1,"featured_media":1471,"parent":0,"menu_order":0,"comment_status":"closed","ping_status":"closed","template":"","meta":{"_EventAllDay":false,"_EventTimezone":"","_EventStartDate":"","_EventEndDate":"","_EventStartDateUTC":"","_EventEndDateUTC":"","_EventShowMap":false,"_EventShowMapLink":false,"_EventURL":"","_EventCost":"","_EventCostDescription":"","_EventCurrencySymbol":"","_EventCurrencyCode":"","_EventCurrencyPosition":"","_EventDateTimeSeparator":"","_EventTimeRangeSeparator":"","_EventOrganizerID":[],"_EventVenueID":[],"_OrganizerEmail":"","_OrganizerPhone":"","_OrganizerWebsite":"","_VenueAddress":"","_VenueCity":"","_VenueCountry":"","_VenueProvince":"","_VenueState":"","_VenueZip":"","_VenuePhone":"","_VenueURL":"","_VenueStateProvince":"","_VenueLat":"","_VenueLng":"","_VenueShowMap":false,"_VenueShowMapLink":false,"footnotes":""},"class_list":["post-2692","page","type-page","status-publish","has-post-thumbnail","hentry"],"aioseo_notices":[],"_links":{"self":[{"href":"https:\/\/www.flamengos.pt\/jff\/wp-json\/wp\/v2\/pages\/2692","targetHints":{"allow":["GET"]}}],"collection":[{"href":"https:\/\/www.flamengos.pt\/jff\/wp-json\/wp\/v2\/pages"}],"about":[{"href":"https:\/\/www.flamengos.pt\/jff\/wp-json\/wp\/v2\/types\/page"}],"author":[{"embeddable":true,"href":"https:\/\/www.flamengos.pt\/jff\/wp-json\/wp\/v2\/users\/1"}],"replies":[{"embeddable":true,"href":"https:\/\/www.flamengos.pt\/jff\/wp-json\/wp\/v2\/comments?post=2692"}],"version-history":[{"count":6,"href":"https:\/\/www.flamengos.pt\/jff\/wp-json\/wp\/v2\/pages\/2692\/revisions"}],"predecessor-version":[{"id":2766,"href":"https:\/\/www.flamengos.pt\/jff\/wp-json\/wp\/v2\/pages\/2692\/revisions\/2766"}],"wp:featuredmedia":[{"embeddable":true,"href":"https:\/\/www.flamengos.pt\/jff\/wp-json\/wp\/v2\/media\/1471"}],"wp:attachment":[{"href":"https:\/\/www.flamengos.pt\/jff\/wp-json\/wp\/v2\/media?parent=2692"}],"curies":[{"name":"wp","href":"https:\/\/api.w.org\/{rel}","templated":true}]}}